{"id":1037,"date":"2026-01-05T14:01:55","date_gmt":"2026-01-05T13:01:55","guid":{"rendered":"https:\/\/www.centreclea.fr\/conseils\/?page_id=1037"},"modified":"2026-01-05T14:01:56","modified_gmt":"2026-01-05T13:01:56","slug":"mentions-legales","status":"publish","type":"page","link":"https:\/\/www.centreclea.fr\/conseils\/mentions-legales\/","title":{"rendered":"Mentions l\u00e9gales"},"content":{"rendered":"\n<p>Le pr\u00e9sent site est \u00e9dit\u00e9 par :<br>EI <strong>BOUQUET SEO<\/strong><br>Soci\u00e9t\u00e9 immatricul\u00e9e au RCS sous le num\u00e9ro\u00a0<strong>981 938 780<\/strong><br>Si\u00e8ge social :\u00a0<strong>42i rue de chanteranne, 63100 Clermont-ferrand<\/strong><br>Repr\u00e9sentant l\u00e9gal :\u00a0<strong>Antoine Bouquet<\/strong><br>Email :\u00a0<strong><a>antoinebouquet54@gmail.com<\/a><\/strong><br>T\u00e9l\u00e9phone :\u00a0<strong>06 56 82 34 98<\/strong><\/p>\n\n\n\n<hr class=\"wp-block-separator has-alpha-channel-opacity\"\/>\n\n\n\n<h2 class=\"wp-block-heading\">2. H\u00e9bergement<\/h2>\n\n\n\n<p>Le site est h\u00e9berg\u00e9 par :<br><strong>o2switch<\/strong><br>222 Boulevard Gustave Flaubert, 63000 Clermont-Ferrand, France<br>T\u00e9l\u00e9phone : 04 44 44 60 40<br>Site web :&nbsp;<a>https:\/\/www.o2switch.fr<\/a><\/p>\n\n\n\n<hr class=\"wp-block-separator has-alpha-channel-opacity\"\/>\n\n\n\n<h2 class=\"wp-block-heading\">3. Propri\u00e9t\u00e9 intellectuelle<\/h2>\n\n\n\n<p>L\u2019ensemble des contenus pr\u00e9sents sur ce site (textes, images, graphismes, logo, ic\u00f4nes, vid\u00e9os, etc.) est la propri\u00e9t\u00e9 exclusive de&nbsp;<strong>BOUQUET SEO<\/strong>, sauf mention contraire.<br>Toute reproduction, repr\u00e9sentation, modification, publication ou adaptation, totale ou partielle, de ces \u00e9l\u00e9ments, est interdite sans l\u2019autorisation \u00e9crite pr\u00e9alable de l\u2019\u00e9diteur.<\/p>\n\n\n\n<hr class=\"wp-block-separator has-alpha-channel-opacity\"\/>\n\n\n\n<h2 class=\"wp-block-heading\">4. Responsabilit\u00e9<\/h2>\n\n\n\n<p>L\u2019\u00e9diteur du site met \u00e0 disposition des informations aussi pr\u00e9cises que possible. Toutefois, il ne saurait \u00eatre tenu responsable des omissions, inexactitudes ou carences dans la mise \u00e0 jour.<br>Les informations fournies sur ce site sont donn\u00e9es \u00e0 titre indicatif et ne sauraient engager la responsabilit\u00e9 de&nbsp;<strong>BOUQUET SEO<\/strong>.<\/p>\n\n\n\n<hr class=\"wp-block-separator has-alpha-channel-opacity\"\/>\n\n\n\n<h2 class=\"wp-block-heading\">5. Donn\u00e9es personnelles<\/h2>\n\n\n\n<p>Les informations recueillies via les formulaires pr\u00e9sents sur ce site sont destin\u00e9es exclusivement \u00e0 un usage interne.<br>Conform\u00e9ment au R\u00e8glement G\u00e9n\u00e9ral sur la Protection des Donn\u00e9es (<strong>RGPD<\/strong>) et \u00e0 la loi \u00ab Informatique et Libert\u00e9s \u00bb, vous disposez d\u2019un droit d\u2019acc\u00e8s, de rectification et de suppression de vos donn\u00e9es personnelles.<br>Pour exercer ce droit, vous pouvez contacter :&nbsp;<strong><a>antoinebouquet54@gmail.com<\/a><\/strong>.<\/p>\n\n\n\n<hr class=\"wp-block-separator has-alpha-channel-opacity\"\/>\n\n\n\n<h2 class=\"wp-block-heading\">6. Cookies<\/h2>\n\n\n\n<p>Le site peut utiliser des cookies afin de faciliter la navigation et mesurer l\u2019audience.<br>Vous avez la possibilit\u00e9 de d\u00e9sactiver l\u2019installation de cookies via les param\u00e8tres de votre navigateur.<\/p>\n\n\n\n<hr class=\"wp-block-separator has-alpha-channel-opacity\"\/>\n\n\n\n<h2 class=\"wp-block-heading\">7. Droit applicable<\/h2>\n\n\n\n<p>Les pr\u00e9sentes mentions l\u00e9gales sont soumises au droit fran\u00e7ais.<br>En cas de litige, et \u00e0 d\u00e9faut d\u2019accord amiable, les tribunaux fran\u00e7ais seront seuls comp\u00e9tents.<\/p>\n","protected":false},"excerpt":{"rendered":"<p>Le pr\u00e9sent site est \u00e9dit\u00e9 par :EI BOUQUET SEOSoci\u00e9t\u00e9 immatricul\u00e9e au RCS sous le num\u00e9ro\u00a0981 938 780Si\u00e8ge social :\u00a042i rue de chanteranne, 63100 Clermont-ferrandRepr\u00e9sentant l\u00e9gal :\u00a0Antoine BouquetEmail :\u00a0antoinebouquet54@gmail.comT\u00e9l\u00e9phone :\u00a006 56 82 34 98 2. H\u00e9bergement Le site est h\u00e9berg\u00e9 par :o2switch222 Boulevard Gustave Flaubert, 63000 Clermont-Ferrand, FranceT\u00e9l\u00e9phone : 04 44 44 60 40Site web :&nbsp;https:\/\/www.o2switch.fr &#8230; <a title=\"Mentions l\u00e9gales\" class=\"read-more\" href=\"https:\/\/www.centreclea.fr\/conseils\/mentions-legales\/\" aria-label=\"En savoir plus sur Mentions l\u00e9gales\">Lire plus<\/a><\/p>\n","protected":false},"author":1,"featured_media":0,"parent":0,"menu_order":0,"comment_status":"closed","ping_status":"closed","template":"","meta":{"_acf_changed":false,"footnotes":""},"class_list":["post-1037","page","type-page","status-publish"],"acf":[],"_links":{"self":[{"href":"https:\/\/www.centreclea.fr\/conseils\/wp-json\/wp\/v2\/pages\/1037","targetHints":{"allow":["GET"]}}],"collection":[{"href":"https:\/\/www.centreclea.fr\/conseils\/wp-json\/wp\/v2\/pages"}],"about":[{"href":"https:\/\/www.centreclea.fr\/conseils\/wp-json\/wp\/v2\/types\/page"}],"author":[{"embeddable":true,"href":"https:\/\/www.centreclea.fr\/conseils\/wp-json\/wp\/v2\/users\/1"}],"replies":[{"embeddable":true,"href":"https:\/\/www.centreclea.fr\/conseils\/wp-json\/wp\/v2\/comments?post=1037"}],"version-history":[{"count":1,"href":"https:\/\/www.centreclea.fr\/conseils\/wp-json\/wp\/v2\/pages\/1037\/revisions"}],"predecessor-version":[{"id":1038,"href":"https:\/\/www.centreclea.fr\/conseils\/wp-json\/wp\/v2\/pages\/1037\/revisions\/1038"}],"wp:attachment":[{"href":"https:\/\/www.centreclea.fr\/conseils\/wp-json\/wp\/v2\/media?parent=1037"}],"curies":[{"name":"wp","href":"https:\/\/api.w.org\/{rel}","templated":true}]}}